{"id":5919,"date":"2025-03-05T10:40:00","date_gmt":"2025-03-05T09:40:00","guid":{"rendered":"http:\/\/lenvolk.cluster029.hosting.ovh.net\/?page_id=5919"},"modified":"2026-04-14T18:55:26","modified_gmt":"2026-04-14T16:55:26","slug":"pourquoi","status":"publish","type":"page","link":"https:\/\/lenvolee-sophrologie.com\/index.php\/pourquoi\/","title":{"rendered":"Pourquoi?"},"content":{"rendered":"<p>La sophrologie peut-\u00eatre utilis\u00e9e dans diff\u00e9rents domaines de votre vie, \u00e0 des stades diff\u00e9rents. Elle peut vous aider \u00e0 surmonter une \u00e9preuve, comme elle peut vous aider \u00e0 changer votre regard sur votre existance.<\/p>\n\n\n<ul class=\"wp-block-list\">\n<li>Gestion du stress<\/li>\n\n\n\n<li>Pr\u00e9paration \u00e0 l\u2019accouchement : Maman d\u2019un petit gar\u00e7on, j\u2019ai accouch\u00e9 il y a tout juste un an. J\u2019avais pour projet d\u2019accoucher sans p\u00e9ridurale, la sophrologie a \u00e9t\u00e9 une aide pr\u00e9cieuse dans la gestion de la douleur et pour appr\u00e9hender l\u2019accouchement. <\/li>\n\n\n\n<li>Pr\u00e9paration \u00e0 un examen <\/li>\n\n\n\n<li>D\u00e9tente et bien-\u00eatre <\/li>\n\n\n\n<li>Gestion de la douleur<\/li>\n<\/ul>\n","protected":false},"excerpt":{"rendered":"<p>La sophrologie peut-\u00eatre utilis\u00e9e dans diff\u00e9rents domaines de votre vie, \u00e0 des stades diff\u00e9rents. Elle peut vous aider \u00e0 surmonter une \u00e9preuve, comme elle peut vous aider \u00e0 changer votre regard sur votre existance.<\/p>\n","protected":false},"author":1,"featured_media":5943,"parent":0,"menu_order":0,"comment_status":"closed","ping_status":"closed","template":"","meta":{"footnotes":""},"class_list":["post-5919","page","type-page","status-publish","has-post-thumbnail","hentry"],"featured_media_urls":{"thumbnail":["https:\/\/lenvolee-sophrologie.com\/wp-content\/uploads\/2025\/03\/026-150x150.jpg",150,150,true],"medium":["https:\/\/lenvolee-sophrologie.com\/wp-content\/uploads\/2025\/03\/026-300x205.jpg",300,205,true],"medium_large":["https:\/\/lenvolee-sophrologie.com\/wp-content\/uploads\/2025\/03\/026-scaled.jpg",768,524,false],"large":["https:\/\/lenvolee-sophrologie.com\/wp-content\/uploads\/2025\/03\/026-1024x699.jpg",950,648,true],"1536x1536":["https:\/\/lenvolee-sophrologie.com\/wp-content\/uploads\/2025\/03\/026-scaled-1536x1049.jpg",1536,1049,true],"2048x2048":["https:\/\/lenvolee-sophrologie.com\/wp-content\/uploads\/2025\/03\/026-scaled-2048x1398.jpg",2048,1398,true],"inspiro-featured-image":["https:\/\/lenvolee-sophrologie.com\/wp-content\/uploads\/2025\/03\/026-2000x1366.jpg",2000,1366,true],"inspiro-loop":["https:\/\/lenvolee-sophrologie.com\/wp-content\/uploads\/2025\/03\/026-950x320.jpg",950,320,true],"inspiro-loop@2x":["https:\/\/lenvolee-sophrologie.com\/wp-content\/uploads\/2025\/03\/026-1900x640.jpg",1900,640,true],"portfolio_item-thumbnail":["https:\/\/lenvolee-sophrologie.com\/wp-content\/uploads\/2025\/03\/026-scaled-600x400.jpg",600,400,true],"portfolio_item-thumbnail@2x":["https:\/\/lenvolee-sophrologie.com\/wp-content\/uploads\/2025\/03\/026-scaled-1200x800.jpg",1200,800,true],"portfolio_item-masonry":["https:\/\/lenvolee-sophrologie.com\/wp-content\/uploads\/2025\/03\/026-scaled-600x410.jpg",600,410,true],"portfolio_item-masonry@2x":["https:\/\/lenvolee-sophrologie.com\/wp-content\/uploads\/2025\/03\/026-scaled-1200x819.jpg",1200,819,true],"portfolio_item-thumbnail_cinema":["https:\/\/lenvolee-sophrologie.com\/wp-content\/uploads\/2025\/03\/026-scaled-800x335.jpg",800,335,true],"portfolio_item-thumbnail_portrait":["https:\/\/lenvolee-sophrologie.com\/wp-content\/uploads\/2025\/03\/026-scaled-600x900.jpg",600,900,true],"portfolio_item-thumbnail_portrait@2x":["https:\/\/lenvolee-sophrologie.com\/wp-content\/uploads\/2025\/03\/026-scaled-1200x1748.jpg",1200,1748,true],"portfolio_item-thumbnail_square":["https:\/\/lenvolee-sophrologie.com\/wp-content\/uploads\/2025\/03\/026-scaled-800x800.jpg",800,800,true]},"_links":{"self":[{"href":"https:\/\/lenvolee-sophrologie.com\/index.php\/wp-json\/wp\/v2\/pages\/5919","targetHints":{"allow":["GET"]}}],"collection":[{"href":"https:\/\/lenvolee-sophrologie.com\/index.php\/wp-json\/wp\/v2\/pages"}],"about":[{"href":"https:\/\/lenvolee-sophrologie.com\/index.php\/wp-json\/wp\/v2\/types\/page"}],"author":[{"embeddable":true,"href":"https:\/\/lenvolee-sophrologie.com\/index.php\/wp-json\/wp\/v2\/users\/1"}],"replies":[{"embeddable":true,"href":"https:\/\/lenvolee-sophrologie.com\/index.php\/wp-json\/wp\/v2\/comments?post=5919"}],"version-history":[{"count":7,"href":"https:\/\/lenvolee-sophrologie.com\/index.php\/wp-json\/wp\/v2\/pages\/5919\/revisions"}],"predecessor-version":[{"id":6040,"href":"https:\/\/lenvolee-sophrologie.com\/index.php\/wp-json\/wp\/v2\/pages\/5919\/revisions\/6040"}],"wp:featuredmedia":[{"embeddable":true,"href":"https:\/\/lenvolee-sophrologie.com\/index.php\/wp-json\/wp\/v2\/media\/5943"}],"wp:attachment":[{"href":"https:\/\/lenvolee-sophrologie.com\/index.php\/wp-json\/wp\/v2\/media?parent=5919"}],"curies":[{"name":"wp","href":"https:\/\/api.w.org\/{rel}","templated":true}]}}