{"id":44,"date":"2025-02-01T13:52:28","date_gmt":"2025-02-01T12:52:28","guid":{"rendered":"http:\/\/lenvolk.cluster029.hosting.ovh.net\/?page_id=44"},"modified":"2026-03-16T17:07:05","modified_gmt":"2026-03-16T16:07:05","slug":"homepage","status":"publish","type":"page","link":"https:\/\/lenvolee-sophrologie.com\/","title":{"rendered":"Homepage"},"content":{"rendered":"\n<div class=\"wp-block-cover alignfull\" style=\"min-height:100vh;aspect-ratio:unset;\"><img loading=\"lazy\" decoding=\"async\" width=\"1900\" height=\"640\" class=\"wp-block-cover__image-background wp-image-5862\" alt=\"\" src=\"http:\/\/lenvolk.cluster029.hosting.ovh.net\/wp-content\/uploads\/2025\/02\/pexels-steven-paton-7200808-1900x640-1.jpg\" data-object-fit=\"cover\" srcset=\"https:\/\/lenvolee-sophrologie.com\/wp-content\/uploads\/2025\/02\/pexels-steven-paton-7200808-1900x640-1.jpg 1900w, https:\/\/lenvolee-sophrologie.com\/wp-content\/uploads\/2025\/02\/pexels-steven-paton-7200808-1900x640-1-300x101.jpg 300w, https:\/\/lenvolee-sophrologie.com\/wp-content\/uploads\/2025\/02\/pexels-steven-paton-7200808-1900x640-1-1024x345.jpg 1024w, https:\/\/lenvolee-sophrologie.com\/wp-content\/uploads\/2025\/02\/pexels-steven-paton-7200808-1900x640-1-950x320.jpg 950w\" sizes=\"auto, (max-width: 1900px) 100vw, 1900px\" \/><span aria-hidden=\"true\" class=\"wp-block-cover__background has-background-dim-20 has-background-dim\" style=\"background-color:#728b54\"><\/span><div class=\"wp-block-cover__inner-container has-global-padding is-layout-constrained wp-block-cover-is-layout-constrained\">\n<p class=\"has-text-align-center has-white-color has-text-color\" style=\"font-size:clamp(50.171px, 3.136rem + ((1vw - 3.2px) * 5.191), 100px);font-style:normal;font-weight:900;line-height:1.2\"><strong>L&rsquo;envol\u00e9e<\/strong><\/p>\n\n\n\n<p class=\"has-text-align-center has-white-color has-text-color\" style=\"font-size:clamp(33.419px, 2.089rem + ((1vw - 3.2px) * 2.769), 60px);\">Marie Gossart &#8211; Sophrologue<\/p>\n\n\n\n<div style=\"height:55px\" aria-hidden=\"true\" class=\"wp-block-spacer\"><\/div>\n<\/div><\/div>\n\n\n\n<div class=\"wp-block-group has-global-padding is-layout-constrained wp-block-group-is-layout-constrained\">\n<div style=\"height:57px\" aria-hidden=\"true\" class=\"wp-block-spacer\"><\/div>\n\n\n\n<h2 class=\"wp-block-heading has-text-align-center has-medium-font-size\" style=\"letter-spacing:1px\">\u00ab\u00a0Le plus beau des chemins est celui qui vous conduit vers vous-m\u00eame !\u00a0\u00bb <\/h2>\n\n\n\n<p class=\"has-text-align-center\"><em>Azzedine Aliouchouche<\/em><\/p>\n\n\n\n<div style=\"height:57px\" aria-hidden=\"true\" class=\"wp-block-spacer\"><\/div>\n<\/div>\n\n\n\n<div class=\"wp-block-group alignfull has-background has-global-padding is-layout-constrained wp-block-group-is-layout-constrained\" style=\"background-color:#d6df5dcc\">\n<div class=\"wp-block-group alignfull has-global-padding is-layout-constrained wp-block-group-is-layout-constrained\">\n<div class=\"wp-block-group has-global-padding is-layout-constrained wp-block-group-is-layout-constrained\" style=\"padding-top:var(--wp--preset--spacing--small);padding-bottom:var(--wp--preset--spacing--small)\">\n<div style=\"height:30px\" aria-hidden=\"true\" class=\"wp-block-spacer\"><\/div>\n\n\n\n<div class=\"wp-block-columns is-layout-flex wp-container-core-columns-is-layout-c375d253 wp-block-columns-is-layout-flex\">\n<div class=\"wp-block-column is-vertically-aligned-center is-layout-flow wp-block-column-is-layout-flow\">\n<h2 class=\"wp-block-heading has-text-align-center has-medium-font-size\" style=\"text-transform:uppercase\">SOPHROLOGIE<\/h2>\n\n\n\n<p>Bas\u00e9e sur la respiration, la d\u00e9tente musculaire et les visualisations positives, la sophrologie vous propose de trouver l\u2019harmonie entre votre corps et votre esprit, afin de ressentir un bien-\u00eatre dans votre quotidien.<\/p>\n\n\n\n<div class=\"wp-block-buttons is-horizontal is-content-justification-center is-layout-flex wp-container-core-buttons-is-layout-03627597 wp-block-buttons-is-layout-flex\">\n<div class=\"wp-block-button is-style-outline is-style-outline--1\"><a class=\"wp-block-button__link has-text-align-center wp-element-button\" href=\"https:\/\/lenvolee-sophrologie.com\/index.php\/sophrologie\/\" style=\"border-radius:0px\">SOPHROLOGIE<\/a><\/div>\n<\/div>\n\n\n\n<p><\/p>\n<\/div>\n\n\n\n<div class=\"wp-block-column is-layout-flow wp-block-column-is-layout-flow\">\n<figure class=\"wp-block-image aligncenter size-full is-resized is-style-rounded\"><img loading=\"lazy\" decoding=\"async\" width=\"763\" height=\"1024\" src=\"http:\/\/lenvolk.cluster029.hosting.ovh.net\/wp-content\/uploads\/2025\/02\/345009413_753670576257520_7016238520177352546_n-763x1024-1.jpg\" alt=\"\" class=\"wp-image-90\" style=\"width:435px;height:auto\" srcset=\"https:\/\/lenvolee-sophrologie.com\/wp-content\/uploads\/2025\/02\/345009413_753670576257520_7016238520177352546_n-763x1024-1.jpg 763w, https:\/\/lenvolee-sophrologie.com\/wp-content\/uploads\/2025\/02\/345009413_753670576257520_7016238520177352546_n-763x1024-1-224x300.jpg 224w\" sizes=\"auto, (max-width: 763px) 100vw, 763px\" \/><\/figure>\n<\/div>\n<\/div>\n\n\n\n<div style=\"height:30px\" aria-hidden=\"true\" class=\"wp-block-spacer\"><\/div>\n<\/div>\n<\/div>\n<\/div>\n\n\n\n<div class=\"wp-block-group alignfull has-background has-global-padding is-layout-constrained wp-block-group-is-layout-constrained\" style=\"background-color:#cdd55d\">\n<div class=\"wp-block-group has-global-padding is-layout-constrained wp-block-group-is-layout-constrained\" style=\"padding-top:var(--wp--preset--spacing--small);padding-bottom:var(--wp--preset--spacing--small)\">\n<div style=\"height:30px\" aria-hidden=\"true\" class=\"wp-block-spacer\"><\/div>\n\n\n\n<div class=\"wp-block-columns are-vertically-aligned-center is-layout-flex wp-container-core-columns-is-layout-c375d253 wp-block-columns-is-layout-flex\">\n<div class=\"wp-block-column is-vertically-aligned-center is-layout-flow wp-block-column-is-layout-flow\">\n<figure class=\"wp-block-image aligncenter size-large is-resized is-style-rounded\"><img loading=\"lazy\" decoding=\"async\" width=\"768\" height=\"1024\" src=\"http:\/\/lenvolk.cluster029.hosting.ovh.net\/wp-content\/uploads\/2025\/02\/20220223_153006-768x1024.jpg\" alt=\"\" class=\"wp-image-5857\" style=\"width:368px;height:auto\" srcset=\"https:\/\/lenvolee-sophrologie.com\/wp-content\/uploads\/2025\/02\/20220223_153006-768x1024.jpg 768w, https:\/\/lenvolee-sophrologie.com\/wp-content\/uploads\/2025\/02\/20220223_153006-225x300.jpg 225w, https:\/\/lenvolee-sophrologie.com\/wp-content\/uploads\/2025\/02\/20220223_153006-2000x2667.jpg 2000w, https:\/\/lenvolee-sophrologie.com\/wp-content\/uploads\/2025\/02\/20220223_153006-scaled.jpg 1920w\" sizes=\"auto, (max-width: 768px) 100vw, 768px\" \/><\/figure>\n<\/div>\n\n\n\n<div class=\"wp-block-column is-vertically-aligned-center is-layout-flow wp-block-column-is-layout-flow\">\n<h2 class=\"wp-block-heading has-text-align-center has-medium-font-size\" style=\"text-transform:uppercase\">SYLVOTH\u00e9RAPIE<\/h2>\n\n\n\n<p class=\"has-text-align-center\">A l\u2019ombre d\u2019un arbre, en for\u00eat venez vous ressourcer.<\/p>\n\n\n\n<div class=\"wp-block-buttons is-content-justification-center is-layout-flex wp-container-core-buttons-is-layout-a89b3969 wp-block-buttons-is-layout-flex\">\n<div class=\"wp-block-button is-style-outline is-style-outline--2\"><a class=\"wp-block-button__link wp-element-button\" href=\"https:\/\/lenvolee-sophrologie.com\/index.php\/sylvotherapie\/\" style=\"border-radius:0px\">SYLVOTHERAPIE<\/a><\/div>\n<\/div>\n<\/div>\n<\/div>\n\n\n\n<div style=\"height:30px\" aria-hidden=\"true\" class=\"wp-block-spacer\"><\/div>\n<\/div>\n<\/div>\n\n\n\n<div class=\"wp-block-group alignfull has-background has-global-padding is-layout-constrained wp-block-group-is-layout-constrained\" style=\"background-color:#aeb322\">\n<div class=\"wp-block-group alignfull has-global-padding is-layout-constrained wp-block-group-is-layout-constrained\">\n<div class=\"wp-block-group has-global-padding is-layout-constrained wp-block-group-is-layout-constrained\" style=\"padding-top:var(--wp--preset--spacing--small);padding-bottom:var(--wp--preset--spacing--small)\">\n<div style=\"height:30px\" aria-hidden=\"true\" class=\"wp-block-spacer\"><\/div>\n\n\n\n<div class=\"wp-block-columns is-layout-flex wp-container-core-columns-is-layout-c375d253 wp-block-columns-is-layout-flex\">\n<div class=\"wp-block-column is-vertically-aligned-center is-layout-flow wp-block-column-is-layout-flow\">\n<h2 class=\"wp-block-heading has-text-align-center has-medium-font-size\" style=\"text-transform:uppercase\">communication non violente (cnv)<\/h2>\n\n\n\n<p>En vous focalisant sur vos sentiments et vos besoins, plongez au coeur de vous-m\u00eame. Facilitez l&rsquo;expression de vos pens\u00e9es pour une plus grande harmonie dans votre vie quotidienne.<\/p>\n\n\n\n<div class=\"wp-block-buttons is-horizontal is-content-justification-center is-layout-flex wp-container-core-buttons-is-layout-03627597 wp-block-buttons-is-layout-flex\">\n<div class=\"wp-block-button is-style-outline is-style-outline--3\"><a class=\"wp-block-button__link wp-element-button\" href=\"https:\/\/lenvolee-sophrologie.com\/index.php\/cnv\/\" style=\"border-radius:0px\">CNV<\/a><\/div>\n<\/div>\n\n\n\n<p><\/p>\n<\/div>\n\n\n\n<div class=\"wp-block-column is-layout-flow wp-block-column-is-layout-flow\">\n<figure class=\"wp-block-image aligncenter size-full is-resized is-style-rounded\"><img loading=\"lazy\" decoding=\"async\" width=\"768\" height=\"576\" src=\"http:\/\/lenvolk.cluster029.hosting.ovh.net\/wp-content\/uploads\/2025\/02\/20220308_154559-768x576-1.jpg\" alt=\"\" class=\"wp-image-5858\" style=\"width:435px;height:auto\" srcset=\"https:\/\/lenvolee-sophrologie.com\/wp-content\/uploads\/2025\/02\/20220308_154559-768x576-1.jpg 768w, https:\/\/lenvolee-sophrologie.com\/wp-content\/uploads\/2025\/02\/20220308_154559-768x576-1-300x225.jpg 300w\" sizes=\"auto, (max-width: 768px) 100vw, 768px\" \/><\/figure>\n<\/div>\n<\/div>\n\n\n\n<div style=\"height:30px\" aria-hidden=\"true\" class=\"wp-block-spacer\"><\/div>\n<\/div>\n<\/div>\n<\/div>\n\n\n\n<div class=\"wp-block-group alignfull has-background has-global-padding is-layout-constrained wp-block-group-is-layout-constrained\" style=\"background-color:#8eac01\">\n<div class=\"wp-block-group has-global-padding is-layout-constrained wp-block-group-is-layout-constrained\" style=\"padding-top:var(--wp--preset--spacing--small);padding-bottom:var(--wp--preset--spacing--small)\">\n<div style=\"height:30px\" aria-hidden=\"true\" class=\"wp-block-spacer\"><\/div>\n\n\n\n<div class=\"wp-block-columns are-vertically-aligned-center is-layout-flex wp-container-core-columns-is-layout-c375d253 wp-block-columns-is-layout-flex\">\n<div class=\"wp-block-column is-vertically-aligned-center is-layout-flow wp-block-column-is-layout-flow\">\n<figure class=\"wp-block-gallery aligncenter has-nested-images columns-default is-cropped wp-block-gallery-4 is-layout-flex wp-block-gallery-is-layout-flex\">\n<figure class=\"wp-block-image size-full is-style-rounded\"><img loading=\"lazy\" decoding=\"async\" width=\"300\" height=\"200\" data-id=\"5861\" src=\"https:\/\/lenvolee-sophrologie.com\/wp-content\/uploads\/2025\/02\/051-300x200-1.jpg\" alt=\"\" class=\"wp-image-5861\"\/><\/figure>\n<\/figure>\n<\/div>\n\n\n\n<div class=\"wp-block-column is-vertically-aligned-center is-layout-flow wp-block-column-is-layout-flow\">\n<h2 class=\"wp-block-heading has-text-align-center has-medium-font-size\" style=\"text-transform:uppercase\">\u00e0 propos de moi<\/h2>\n\n\n\n<p>Je m\u2019appelle Marie Gossart, je vous propose des s\u00e9ances avec des m\u00e9thodes qui m\u2019ont procur\u00e9es une plus grande s\u00e9r\u00e9nit\u00e9 et un meilleur bien \u00eatre dans ma vie de tous les jours. <\/p>\n\n\n\n<p>Chaque jour, la <strong>sophrologie <\/strong>m\u2019aide \u00e0 renforcer la confiance en mes capacit\u00e9s et en moi-m\u00eame ; elle change mon regard sur le monde. La <strong>CNV <\/strong>me soutient quotidiennement pour m&rsquo;exprimer de mani\u00e8re plus sereine avec les personnes qui m&rsquo;entourent. La Nature ayant toujours fait partie de ma vie, c\u2019est en for\u00eat que je trouve mes racines et c\u2019est l\u00e0-bas que je vais me ressourcer \u00e0 chaque fois que j\u2019en ressens le besoin. La <strong>sylvoth\u00e9rapie <\/strong>m\u2019a permis d&rsquo;affiner ma perception et mes sens afin d&rsquo;explorer plus profond\u00e9ment la for\u00eat en compagnie de nos amis les arbres.<\/p>\n\n\n\n<p>C\u2019est avec beaucoup d&rsquo;enthousiasme que je vous attends pour partager la force de ces outils et vous regarder d\u00e9ployer vos ailes : assister \u00e0 <strong>l\u2019envol\u00e9e<\/strong>.<\/p>\n\n\n\n<div class=\"wp-block-buttons is-content-justification-center is-layout-flex wp-container-core-buttons-is-layout-a89b3969 wp-block-buttons-is-layout-flex\">\n<div class=\"wp-block-button is-style-outline is-style-outline--5\"><a class=\"wp-block-button__link wp-element-button\" href=\"https:\/\/lenvolee-sophrologie.com\/index.php\/qui-suis-je\/\" style=\"border-radius:0px\">QUI SUIS-JE ?<\/a><\/div>\n<\/div>\n<\/div>\n<\/div>\n\n\n\n<div style=\"height:30px\" aria-hidden=\"true\" class=\"wp-block-spacer\"><\/div>\n<\/div>\n<\/div>\n\n\n\n<div class=\"wp-block-cover alignfull is-light has-parallax is-position-center-center\" style=\"border-radius:0px\"><div class=\"wp-block-cover__image-background wp-image-24 has-parallax\" style=\"background-position:50% 50%;background-image:url(http:\/\/lenvolk.cluster029.hosting.ovh.net\/wp-content\/themes\/inspiro\/assets\/images\/StockSnap_89BQZ89TLH.jpg)\"><\/div><span aria-hidden=\"true\" class=\"wp-block-cover__background has-background-dim-40 has-background-dim\" style=\"background-color:#1d7521\"><\/span><div class=\"wp-block-cover__inner-container is-layout-flow wp-block-cover-is-layout-flow\">\n<div class=\"wp-block-group has-global-padding is-layout-constrained wp-block-group-is-layout-constrained\">\n<h3 class=\"wp-block-heading has-text-align-center has-text-color has-medium-font-size\" style=\"color:#fffffa;text-transform:uppercase\"><\/h3>\n\n\n\n<p class=\"has-text-align-center has-primary-color has-text-color\"><strong>\u00ab\u00a0Un voyage de mille lieues commence toujours par un premier pas\u00a0\u00bb<\/strong> <\/p>\n\n\n\n<p class=\"has-text-align-center has-primary-color has-text-color\"><em>Lao-Tseu<\/em><\/p>\n\n\n\n<div style=\"height:31px\" aria-hidden=\"true\" class=\"wp-block-spacer\"><\/div>\n\n\n\n<div class=\"wp-block-buttons is-horizontal is-content-justification-center is-layout-flex wp-container-core-buttons-is-layout-03627597 wp-block-buttons-is-layout-flex\">\n<div class=\"wp-block-button is-style-outline is-style-outline--6\"><a class=\"wp-block-button__link has-primary-color has-text-color wp-element-button\" href=\"https:\/\/lenvolee-sophrologie.com\/index.php\/contact-2\/\" style=\"border-radius:0px\">CONTACT<\/a><\/div>\n<\/div>\n<\/div>\n<\/div><\/div>\n\n\n\n<div id=\"news\" class=\"wp-block-group has-global-padding is-layout-constrained wp-block-group-is-layout-constrained\">\n<div style=\"height:108px\" aria-hidden=\"true\" class=\"wp-block-spacer\"><\/div>\n\n\n\n<p class=\"has-text-align-left has-secondary-color has-text-color\">Le blog<\/p>\n\n\n\n<h2 class=\"wp-block-heading has-text-align-left\">Derniers articles<\/h2>\n\n\n\n<div style=\"height:33px\" aria-hidden=\"true\" class=\"wp-block-spacer\"><\/div>\n\n\n\n<div class=\"wp-block-query is-layout-flow wp-block-query-is-layout-flow\"><ul class=\"columns-3 wp-block-post-template is-layout-grid wp-container-core-post-template-is-layout-6aac66c0 wp-block-post-template-is-layout-grid\"><li class=\"wp-block-post post-1 post type-post status-publish format-standard hentry category-non-classe\">\n\n\n<div style=\"margin-top:0;margin-bottom:0;\" class=\"has-link-color wp-elements-81b22c36d1d8b884fcf13a99846b36c3 wp-block-post-date has-text-color has-tertiary-color\"><time datetime=\"2025-01-16T11:03:22+01:00\">16 janvier 2025<\/time><\/div>\n\n<h3 style=\"margin-top:0;margin-bottom:var(--wp--preset--spacing--x-small);\" class=\"has-link-color wp-elements-2e75b4e4fab489cf445e03eda13279d1 wp-block-post-title\"><a href=\"https:\/\/lenvolee-sophrologie.com\/index.php\/2025\/01\/16\/bonjour-tout-le-monde\/\" target=\"_self\" >L&rsquo;envol\u00e9e prend son envol !<\/a><\/h3>\n\n<div class=\"has-link-color wp-elements-61eeeb1d6c31f3761cb8bc35b6e1a095 wp-block-post-excerpt has-text-color has-tertiary-color\"><p class=\"wp-block-post-excerpt__excerpt\">C&rsquo;est avec une immense joie que je vous annonce que l&rsquo;envol\u00e9e prend son envol ! Vous pouvez d\u00e8s \u00e0 pr\u00e9sent prendre rendez-vous avec moi en m&rsquo;appelant ou en m&rsquo;envoyant un mail. A tr\u00e8s vite pour une nouvelle aventure. <\/p><\/div>\n\n<a style=\"text-transform:uppercase; border-width:2px; padding-right:var(--wp--preset--spacing--x-small);padding-left:var(--wp--preset--spacing--x-small);padding-top:10px;padding-bottom:10px;\" class=\"wp-block-read-more has-text-color has-foreground-color\" href=\"https:\/\/lenvolee-sophrologie.com\/index.php\/2025\/01\/16\/bonjour-tout-le-monde\/\" target=\"_self\">Lire la suite<span class=\"screen-reader-text\">\u00a0: L&rsquo;envol\u00e9e prend son envol !<\/span><\/a>\n<\/li><\/ul>\n\n<\/div>\n\n\n\n<div style=\"height:85px\" aria-hidden=\"true\" class=\"wp-block-spacer\"><\/div>\n<\/div>\n\n\n\n<p><\/p>\n","protected":false},"excerpt":{"rendered":"<p>\u00ab\u00a0Le plus beau des chemins est celui qui vous conduit vers vous-m\u00eame !\u00a0\u00bb Azzedine Aliouchouche SOPHROLOGIE Bas\u00e9e sur la respiration, la d\u00e9tente musculaire et les visualisations positives, la sophrologie vous propose de trouver l\u2019harmonie entre votre corps et votre esprit, afin de ressentir un bien-\u00eatre dans votre quotidien. SYLVOTH\u00e9RAPIE A l\u2019ombre d\u2019un arbre, en for\u00eat &hellip; <\/p>\n<p class=\"link-more\"><a href=\"https:\/\/lenvolee-sophrologie.com\/\" class=\"more-link\">Lire la suite de<span class=\"screen-reader-text\">\u00ab\u00a0Homepage\u00a0\u00bb<\/span><\/a><\/p>\n","protected":false},"author":1,"featured_media":0,"parent":0,"menu_order":0,"comment_status":"closed","ping_status":"closed","template":"page-templates\/homepage-no-hero.php","meta":{"footnotes":""},"class_list":["post-44","page","type-page","status-publish","hentry"],"featured_media_urls":[],"_links":{"self":[{"href":"https:\/\/lenvolee-sophrologie.com\/index.php\/wp-json\/wp\/v2\/pages\/44","targetHints":{"allow":["GET"]}}],"collection":[{"href":"https:\/\/lenvolee-sophrologie.com\/index.php\/wp-json\/wp\/v2\/pages"}],"about":[{"href":"https:\/\/lenvolee-sophrologie.com\/index.php\/wp-json\/wp\/v2\/types\/page"}],"author":[{"embeddable":true,"href":"https:\/\/lenvolee-sophrologie.com\/index.php\/wp-json\/wp\/v2\/users\/1"}],"replies":[{"embeddable":true,"href":"https:\/\/lenvolee-sophrologie.com\/index.php\/wp-json\/wp\/v2\/comments?post=44"}],"version-history":[{"count":27,"href":"https:\/\/lenvolee-sophrologie.com\/index.php\/wp-json\/wp\/v2\/pages\/44\/revisions"}],"predecessor-version":[{"id":6031,"href":"https:\/\/lenvolee-sophrologie.com\/index.php\/wp-json\/wp\/v2\/pages\/44\/revisions\/6031"}],"wp:attachment":[{"href":"https:\/\/lenvolee-sophrologie.com\/index.php\/wp-json\/wp\/v2\/media?parent=44"}],"curies":[{"name":"wp","href":"https:\/\/api.w.org\/{rel}","templated":true}]}}